{"id":71853,"date":"2025-02-18T14:56:01","date_gmt":"2025-02-18T14:56:01","guid":{"rendered":"https:\/\/ottawagolddev.wpenginepowered.com\/?page_id=71853"},"modified":"2026-01-05T10:35:16","modified_gmt":"2026-01-05T15:35:16","slug":"about-canada-gold-mississauga","status":"publish","type":"page","link":"https:\/\/mississaugagold.com\/fr\/about-canada-gold-mississauga\/","title":{"rendered":"About Canada Gold &#8211; Mississauga"},"content":{"rendered":"<p>[et_pb_section fb_built=&#8221;1&#8243; custom_padding_last_edited=&#8221;on|desktop&#8221; admin_label=&#8221;Section&#8221; _builder_version=&#8221;4.27.4&#8243; _module_preset=&#8221;default&#8221; background_color=&#8221;#032340&#8243; height_tablet=&#8221;&#8221; height_phone=&#8221;&#8221; height_last_edited=&#8221;on|desktop&#8221; custom_padding=&#8221;9px||4px||false|false&#8221; custom_padding_tablet=&#8221;9px||4px||false|false&#8221; custom_padding_phone=&#8221;9px||4px||false|false&#8221; border_color_bottom=&#8221;#D2AE74&#8243; saved_tabs=&#8221;all&#8221; locked=&#8221;off&#8221; collapsed=&#8221;off&#8221; global_colors_info=&#8221;{}&#8221;][et_pb_row make_equal=&#8221;on&#8221; _builder_version=&#8221;4.27.4&#8243; _module_preset=&#8221;default&#8221; custom_padding=&#8221;0px||0px||false|false&#8221; custom_css_main_element=&#8221;display:flex;&#8221; global_colors_info=&#8221;{}&#8221;][et_pb_column type=&#8221;4_4&#8243; _builder_version=&#8221;4.27.4&#8243; _module_preset=&#8221;default&#8221; custom_css_main_element=&#8221;display:flex;||flex-direction:column;||justify-content: center;&#8221; global_colors_info=&#8221;{}&#8221;][et_pb_text _builder_version=&#8221;4.27.4&#8243; _dynamic_attributes=&#8221;content&#8221; _module_preset=&#8221;default&#8221; header_font=&#8221;|&#8211;et_global_heading_font_weight||on|||||&#8221; header_text_align=&#8221;center&#8221; header_text_color=&#8221;#FFFFFF&#8221; header_font_size=&#8221;38px&#8221; hover_enabled=&#8221;0&#8243; custom_css_free_form=&#8221;.selector h1 {||  font-weight:400!important;||}&#8221; global_colors_info=&#8221;{}&#8221; admin_label=&#8221;page title&#8221; sticky_enabled=&#8221;0&#8243;]@ET-DC@eyJkeW5hbWljIjp0cnVlLCJjb250ZW50IjoicG9zdF90aXRsZSIsInNldHRpbmdzIjp7ImJlZm9yZSI6IjxoMT4iLCJhZnRlciI6IjwvaDE+In19@[\/et_pb_text][\/et_pb_column][\/et_pb_row][\/et_pb_section][et_pb_section fb_built=&#8221;1&#8243; _builder_version=&#8221;4.27.4&#8243; _module_preset=&#8221;default&#8221; custom_margin=&#8221;||20px||false|false&#8221; custom_padding=&#8221;0px||0px||false|false&#8221; global_module=&#8221;151&#8243; saved_tabs=&#8221;all&#8221; locked=&#8221;off&#8221; global_colors_info=&#8221;{}&#8221;][et_pb_row _builder_version=&#8221;4.27.4&#8243; _module_preset=&#8221;default&#8221; max_width=&#8221;1280px&#8221; custom_padding=&#8221;20px||20px||true|false&#8221; global_colors_info=&#8221;{}&#8221;][et_pb_column type=&#8221;4_4&#8243; _builder_version=&#8221;4.27.4&#8243; _module_preset=&#8221;default&#8221; global_colors_info=&#8221;{}&#8221;][et_pb_text _builder_version=&#8221;4.27.4&#8243; _module_preset=&#8221;default&#8221; text_font=&#8221;|&#8211;et_global_body_font_weight||on|||||&#8221; text_text_color=&#8221;#0E3E63&#8243; text_font_size=&#8221;14px&#8221; link_font=&#8221;|||on|||||&#8221; link_text_color=&#8221;#000000&#8243; hover_enabled=&#8221;0&#8243; global_colors_info=&#8221;{}&#8221; admin_label=&#8221;breadcrumbs&#8221; sticky_enabled=&#8221;0&#8243;]<\/p>\n<div data-plaintext=\"true\" data-pm-slice=\"1 1 [&quot;codeblock&quot;,{&quot;style&quot;:null,&quot;codeblock&quot;:true,&quot;textAlign&quot;:null,&quot;syntaxLanguage&quot;:null,&quot;lineWrapping&quot;:false}]\" data-en-clipboard=\"true\"><span><span><a href=\"https:\/\/mississaugagold.com\/\">Home<\/a><\/span><\/span><\/div>\n<p>[\/et_pb_text][\/et_pb_column][\/et_pb_row][\/et_pb_section][et_pb_section fb_built=&#8221;1&#8243; _builder_version=&#8221;4.27.4&#8243; _module_preset=&#8221;default&#8221; custom_padding=&#8221;0px||||false|false&#8221; global_colors_info=&#8221;{}&#8221;][et_pb_row column_structure=&#8221;2_5,3_5&#8243; _builder_version=&#8221;4.27.4&#8243; _module_preset=&#8221;default&#8221; max_width=&#8221;1280px&#8221; custom_padding=&#8221;20px||||false|false&#8221; global_colors_info=&#8221;{}&#8221;][et_pb_column type=&#8221;2_5&#8243; _builder_version=&#8221;4.27.4&#8243; _module_preset=&#8221;default&#8221; global_colors_info=&#8221;{}&#8221;][et_pb_text _builder_version=&#8221;4.27.4&#8243; _module_preset=&#8221;default&#8221; text_text_color=&#8221;#000000&#8243; header_3_font=&#8221;||||||||&#8221; header_3_line_height=&#8221;1.2em&#8221; hover_enabled=&#8221;0&#8243; text_font_size_tablet=&#8221;&#8221; text_font_size_phone=&#8221;18px&#8221; text_font_size_last_edited=&#8221;on|phone&#8221; custom_css_free_form=&#8221; &#8221; global_colors_info=&#8221;{}&#8221; sticky_enabled=&#8221;0&#8243; admin_label=&#8221;Mississauga&#8217;s Gold &#038; Silver Specialists&#8221;]<\/p>\n<h2>Mississauga&#8217;s Gold &amp; Silver Specialists<\/h2>\n<p>At Canada Gold &#8211; Mississauga, we believe selling your valuables should be a clear and respectful experience. Whether you\u2019re parting with unwanted jewellery, selling bullion, or simply curious about your items&#8217; value, our team is here to provide honest guidance and fair offers.<\/p>\n<p>Mississauga is home to a wide and diverse market for precious metals. But in a city filled with pawn shops and mall kiosks offering quick cash, we stand apart. Our approach is different. We take the time to explain every step, ensuring you know exactly what you\u2019re selling and why it holds value.<\/p>\n<p>[\/et_pb_text][\/et_pb_column][et_pb_column type=&#8221;3_5&#8243; _builder_version=&#8221;4.27.4&#8243; _module_preset=&#8221;default&#8221; global_colors_info=&#8221;{}&#8221;][et_pb_slider show_arrows=&#8221;off&#8221; show_pagination=&#8221;off&#8221; _builder_version=&#8221;4.27.4&#8243; _module_preset=&#8221;default&#8221; header_font_size=&#8221;46px&#8221; auto=&#8221;on&#8221; auto_ignore_hover=&#8221;on&#8221; global_colors_info=&#8221;{}&#8221;][et_pb_slide heading=&#8221;GOLD &#038; SILVER PROFESSIONALS&#8221; use_bg_overlay=&#8221;on&#8221; _builder_version=&#8221;4.27.4&#8243; _module_preset=&#8221;default&#8221; header_font=&#8221;|&#8211;et_global_body_font_weight|||||||&#8221; header_font_size=&#8221;41px&#8221; background_image=&#8221;https:\/\/mississaugagold.com\/wp-content\/uploads\/2025\/01\/Test-6-Option2-1.jpg&#8221; background_enable_image=&#8221;on&#8221; background_position=&#8221;center_right&#8221; header_font_size_tablet=&#8221;41px&#8221; header_font_size_phone=&#8221;29px&#8221; header_font_size_last_edited=&#8221;on|phone&#8221; header_text_shadow_style=&#8221;preset4&#8243; global_colors_info=&#8221;{}&#8221; sticky_transition=&#8221;on&#8221;][\/et_pb_slide][et_pb_slide heading=&#8221;WE BUY &#038; SELL GOLD BARS&#8221; use_bg_overlay=&#8221;on&#8221; _builder_version=&#8221;4.27.4&#8243; _module_preset=&#8221;default&#8221; header_font=&#8221;|&#8211;et_global_body_font_weight|||||||&#8221; header_font_size=&#8221;41px&#8221; background_image=&#8221;https:\/\/mississaugagold.com\/wp-content\/uploads\/2025\/01\/Gold-Bars-1.jpg&#8221; background_enable_image=&#8221;on&#8221; background_position=&#8221;center_right&#8221; header_text_shadow_style=&#8221;preset4&#8243; global_colors_info=&#8221;{}&#8221; sticky_transition=&#8221;on&#8221;][\/et_pb_slide][et_pb_slide heading=&#8221;WE BUY &#038; SELL JEWELLERY&#8221; use_bg_overlay=&#8221;on&#8221; _builder_version=&#8221;4.27.4&#8243; _module_preset=&#8221;default&#8221; header_font=&#8221;|&#8211;et_global_body_font_weight|||||||&#8221; header_font_size=&#8221;41px&#8221; background_image=&#8221;https:\/\/mississaugagold.com\/wp-content\/uploads\/2025\/04\/Jewellery.jpg&#8221; background_enable_image=&#8221;on&#8221; background_position=&#8221;center_right&#8221; header_text_shadow_style=&#8221;preset4&#8243; global_colors_info=&#8221;{}&#8221; sticky_transition=&#8221;on&#8221;][\/et_pb_slide][et_pb_slide heading=&#8221;WE BUY &#038; SELL GOLD COINS&#8221; use_bg_overlay=&#8221;on&#8221; _builder_version=&#8221;4.27.4&#8243; _module_preset=&#8221;default&#8221; header_font=&#8221;|&#8211;et_global_body_font_weight|||||||&#8221; header_font_size=&#8221;41px&#8221; background_image=&#8221;https:\/\/mississaugagold.com\/wp-content\/uploads\/2025\/01\/Gold-Coins.jpg&#8221; background_enable_image=&#8221;on&#8221; background_position=&#8221;center_right&#8221; header_text_shadow_style=&#8221;preset4&#8243; global_colors_info=&#8221;{}&#8221; sticky_transition=&#8221;on&#8221;][\/et_pb_slide][et_pb_slide heading=&#8221;WE BUY &#038; SELL SILVER BARS&#8221; use_bg_overlay=&#8221;on&#8221; _builder_version=&#8221;4.27.4&#8243; _module_preset=&#8221;default&#8221; header_font=&#8221;|&#8211;et_global_body_font_weight|||||||&#8221; header_font_size=&#8221;41px&#8221; background_image=&#8221;https:\/\/mississaugagold.com\/wp-content\/uploads\/2025\/01\/Silver-Bars.jpg&#8221; background_enable_image=&#8221;on&#8221; background_position=&#8221;center_right&#8221; header_text_shadow_style=&#8221;preset4&#8243; global_colors_info=&#8221;{}&#8221; sticky_transition=&#8221;on&#8221;][\/et_pb_slide][et_pb_slide heading=&#8221;WE BUY &#038; SELL SILVER COINS&#8221; use_bg_overlay=&#8221;on&#8221; _builder_version=&#8221;4.27.4&#8243; _module_preset=&#8221;default&#8221; header_font=&#8221;|&#8211;et_global_body_font_weight|||||||&#8221; header_font_size=&#8221;41px&#8221; background_image=&#8221;https:\/\/mississaugagold.com\/wp-content\/uploads\/2025\/01\/Silver-Coins.jpg&#8221; background_enable_image=&#8221;on&#8221; background_position=&#8221;center_right&#8221; header_text_shadow_style=&#8221;preset4&#8243; global_colors_info=&#8221;{}&#8221; sticky_transition=&#8221;on&#8221;][\/et_pb_slide][et_pb_slide heading=&#8221;WE BUY &#038; SELL WATCHES&#8221; use_bg_overlay=&#8221;on&#8221; _builder_version=&#8221;4.27.4&#8243; _module_preset=&#8221;default&#8221; header_font=&#8221;|&#8211;et_global_body_font_weight|||||||&#8221; header_font_size=&#8221;41px&#8221; background_image=&#8221;https:\/\/mississaugagold.com\/wp-content\/uploads\/2025\/01\/Watches2.jpg&#8221; background_enable_image=&#8221;on&#8221; background_position=&#8221;center_right&#8221; header_text_shadow_style=&#8221;preset4&#8243; global_colors_info=&#8221;{}&#8221; sticky_transition=&#8221;on&#8221;][\/et_pb_slide][et_pb_slide heading=&#8221;WE BUY &#038; SELL COINS&#8221; use_bg_overlay=&#8221;on&#8221; _builder_version=&#8221;4.27.4&#8243; _module_preset=&#8221;default&#8221; header_font=&#8221;|&#8211;et_global_body_font_weight|||||||&#8221; header_font_size=&#8221;41px&#8221; background_image=&#8221;https:\/\/mississaugagold.com\/wp-content\/uploads\/2025\/01\/Coins.jpg&#8221; background_enable_image=&#8221;on&#8221; background_position=&#8221;center_right&#8221; header_text_shadow_style=&#8221;preset4&#8243; global_colors_info=&#8221;{}&#8221; sticky_transition=&#8221;on&#8221;][\/et_pb_slide][et_pb_slide heading=&#8221;WE BUY &#038; SELL ESTATE COLLECTIONS&#8221; use_bg_overlay=&#8221;on&#8221; _builder_version=&#8221;4.27.4&#8243; _module_preset=&#8221;default&#8221; header_font=&#8221;|&#8211;et_global_body_font_weight|||||||&#8221; header_font_size=&#8221;41px&#8221; background_image=&#8221;https:\/\/mississaugagold.com\/wp-content\/uploads\/2025\/01\/CCC-Estate-Safe_3d-scaled-1.jpg&#8221; background_enable_image=&#8221;on&#8221; background_position=&#8221;center_right&#8221; header_font_size_tablet=&#8221;41px&#8221; header_font_size_phone=&#8221;35px&#8221; header_font_size_last_edited=&#8221;on|phone&#8221; header_text_shadow_style=&#8221;preset4&#8243; global_colors_info=&#8221;{}&#8221; sticky_transition=&#8221;on&#8221;][\/et_pb_slide][et_pb_slide heading=&#8221;WE BUY &#038; SELL PAPER MONEY&#8221; use_bg_overlay=&#8221;on&#8221; _builder_version=&#8221;4.27.4&#8243; _module_preset=&#8221;default&#8221; header_font=&#8221;|&#8211;et_global_body_font_weight|||||||&#8221; header_font_size=&#8221;41px&#8221; background_image=&#8221;https:\/\/mississaugagold.com\/wp-content\/uploads\/2025\/01\/Paper-Money.jpg&#8221; background_enable_image=&#8221;on&#8221; background_position=&#8221;center_right&#8221; header_text_shadow_style=&#8221;preset4&#8243; global_colors_info=&#8221;{}&#8221; sticky_transition=&#8221;on&#8221;][\/et_pb_slide][\/et_pb_slider][\/et_pb_column][\/et_pb_row][et_pb_row _builder_version=&#8221;4.27.4&#8243; _module_preset=&#8221;default&#8221; max_width=&#8221;1280px&#8221; custom_padding=&#8221;0px||0px||false|false&#8221; global_colors_info=&#8221;{}&#8221;][et_pb_column type=&#8221;4_4&#8243; _builder_version=&#8221;4.27.4&#8243; _module_preset=&#8221;default&#8221; global_colors_info=&#8221;{}&#8221;][et_pb_text admin_label=&#8221;Main Body Text&#8221; _builder_version=&#8221;4.27.4&#8243; _module_preset=&#8221;e2a92389-a1de-4ff6-afc8-481c2e3a7ec8&#8243; text_font=&#8221;&#8211;et_global_body_font||||||||&#8221; header_3_font=&#8221;||||||||&#8221; hover_enabled=&#8221;0&#8243; text_font_size_tablet=&#8221;&#8221; text_font_size_phone=&#8221;18px&#8221; text_font_size_last_edited=&#8221;on|phone&#8221; global_colors_info=&#8221;{}&#8221; sticky_enabled=&#8221;0&#8243;]<\/p>\n<h3>Fair, Transparent Offers \u2013 Every Time<\/h3>\n<p>When you bring your items to Canada Gold &#8211; Mississauga, you\u2019ll receive a free, no-obligation evaluation using accurate, up-to-date testing methods. We provide clear explanations, test your items in front of you, and base every offer on live market rates.<\/p>\n<p>Unlike high-pressure environments that focus on quick transactions, we focus on relationships. You can choose to sell, or simply walk away with more knowledge than you came in with. Either way, your visit will be met with professionalism and respect.<\/p>\n<p>[\/et_pb_text][et_pb_image src=&#8221;https:\/\/mississaugagold.com\/wp-content\/uploads\/2025\/08\/Mississauga-Gold-Storefront.png&#8221; alt=&#8221;Canada Gold Missisauga&#8221; title_text=&#8221;Mississauga Gold Storefront&#8221; align=&#8221;center&#8221; _builder_version=&#8221;4.27.4&#8243; _module_preset=&#8221;default&#8221; width=&#8221;45%&#8221; width_tablet=&#8221;45%&#8221; width_phone=&#8221;100%&#8221; width_last_edited=&#8221;on|phone&#8221; custom_css_main_element=&#8221;float:left;||margin-right: 30px;&#8221; global_colors_info=&#8221;{}&#8221;][\/et_pb_image][et_pb_text admin_label=&#8221;Main Body Text&#8221; _builder_version=&#8221;4.27.4&#8243; _module_preset=&#8221;e2a92389-a1de-4ff6-afc8-481c2e3a7ec8&#8243; text_font=&#8221;&#8211;et_global_body_font||||||||&#8221; header_3_font=&#8221;||||||||&#8221; text_font_size_tablet=&#8221;&#8221; text_font_size_phone=&#8221;18px&#8221; text_font_size_last_edited=&#8221;on|phone&#8221; global_colors_info=&#8221;{}&#8221;]<\/p>\n<h3>A Local Store, Backed by a National Network<\/h3>\n<p>As part of the Canada Gold family, our Mississauga location benefits from the strength and credibility of a trusted Canadian-owned network. This means better payouts, competitive buying power, and the assurance that you\u2019re dealing with an accredited business recognized by the Better Business Bureau. We are also an authorized Royal Canadian Mint dealer, ensuring the highest standards of accuracy and trust.<\/p>\n<p>Conveniently located near the heart of Mississauga, we\u2019re easy to reach for customers across the region. Whether you\u2019re stopping by with a single item or managing a larger estate sale, our team is ready to help.<\/p>\n<p>[\/et_pb_text][et_pb_text admin_label=&#8221;Main Body Text&#8221; _builder_version=&#8221;4.27.4&#8243; _module_preset=&#8221;e2a92389-a1de-4ff6-afc8-481c2e3a7ec8&#8243; text_font=&#8221;&#8211;et_global_body_font||||||||&#8221; header_3_font=&#8221;||||||||&#8221; text_font_size_tablet=&#8221;&#8221; text_font_size_phone=&#8221;18px&#8221; text_font_size_last_edited=&#8221;on|phone&#8221; global_colors_info=&#8221;{}&#8221;]<\/p>\n<h3>The Team Behind the Service<\/h3>\n<p>At Canada Gold &#8211; Mississauga, it\u2019s the people who make the difference. Our staff are not only experts in precious metal testing, but also dedicated to providing an exceptional customer experience. Many of our team members have years of experience and ongoing practical training to stay sharp and informed.<\/p>\n<p>You\u2019ll never feel rushed or undervalued. We take pride in answering your questions, explaining our process clearly, and making sure you feel confident every step of the way. Great service isn\u2019t just about what you earn\u2014it\u2019s about how you\u2019re treated.<\/p>\n<p>[\/et_pb_text][et_pb_text admin_label=&#8221;Main Body Text&#8221; _builder_version=&#8221;4.27.4&#8243; _module_preset=&#8221;e2a92389-a1de-4ff6-afc8-481c2e3a7ec8&#8243; text_font=&#8221;&#8211;et_global_body_font||||||||&#8221; header_3_font=&#8221;||||||||&#8221; text_font_size_tablet=&#8221;&#8221; text_font_size_phone=&#8221;18px&#8221; text_font_size_last_edited=&#8221;on|phone&#8221; global_colors_info=&#8221;{}&#8221;]<\/p>\n<h3>Why Customers Keep Coming Back<\/h3>\n<p>We\u2019re proud to have built long-term relationships with our clients. Many return again and again because they know what to expect: fair pricing, knowledgeable service and a respectful, no-pressure environment. Our goal is not to make a quick sale, but to become your trusted partner in the gold and silver market.<\/p>\n<p>[\/et_pb_text][\/et_pb_column][\/et_pb_row][\/et_pb_section]<\/p>\n","protected":false},"excerpt":{"rendered":"<p><span><span><a href=\"https:\/\/mississaugagold.com\/\">Home<\/a><\/span><\/span>Mississauga&#8217;s Gold &amp; Silver Specialists At Canada Gold &#8211; Mississauga, we believe selling your valuables should be a clear and respectful experience. Whether you\u2019re parting with unwanted jewellery, selling bullion, or simply curious about your items&#8217; value, our team is here to provide honest guidance and fair offers. Mississauga is home to a wide and [&hellip;]<\/p>\n","protected":false},"author":1,"featured_media":0,"parent":0,"menu_order":0,"comment_status":"closed","ping_status":"closed","template":"","meta":{"_acf_changed":false,"_et_pb_use_builder":"on","_et_pb_old_content":"","_et_gb_content_width":"","footnotes":""},"class_list":["post-71853","page","type-page","status-publish","hentry"],"acf":[],"yoast_head":"<!-- This site is optimized with the Yoast SEO plugin v27.4 - https:\/\/yoast.com\/product\/yoast-seo-wordpress\/ -->\n<title>Best Place To Buy &amp; Sell Gold - Mississauga Gold<\/title>\n<meta name=\"description\" content=\"Learn about Canada Gold and what makes our locations across the country the best places to buy and sell gold.\" \/>\n<meta name=\"robots\" content=\"index, follow, max-snippet:-1, max-image-preview:large, max-video-preview:-1\" \/>\n<link rel=\"canonical\" href=\"https:\/\/mississaugagold.com\/fr\/about-canada-gold-mississauga\/\" \/>\n<meta property=\"og:locale\" content=\"fr_CA\" \/>\n<meta property=\"og:type\" content=\"article\" \/>\n<meta property=\"og:title\" content=\"Best Place To Buy &amp; Sell Gold - Mississauga Gold\" \/>\n<meta property=\"og:description\" content=\"Learn about Canada Gold and what makes our locations across the country the best places to buy and sell gold.\" \/>\n<meta property=\"og:url\" content=\"https:\/\/mississaugagold.com\/fr\/about-canada-gold-mississauga\/\" \/>\n<meta property=\"og:site_name\" content=\"Mississauga Gold\" \/>\n<meta property=\"article:publisher\" content=\"https:\/\/www.facebook.com\/CanadaGoldBBB\" \/>\n<meta property=\"article:modified_time\" content=\"2026-01-05T15:35:16+00:00\" \/>\n<meta property=\"og:image\" content=\"https:\/\/mississaugagold.com\/wp-content\/uploads\/2025\/08\/Canada-Gold-Regional-Web-Logo-Navy-With-White-Background_Mississauga.png\" \/>\n\t<meta property=\"og:image:width\" content=\"879\" \/>\n\t<meta property=\"og:image:height\" content=\"156\" \/>\n\t<meta property=\"og:image:type\" content=\"image\/png\" \/>\n<meta name=\"twitter:card\" content=\"summary_large_image\" \/>\n<meta name=\"twitter:site\" content=\"@CanadaGoldBBB\" \/>\n<meta name=\"twitter:label1\" content=\"Estimation du temps de lecture\" \/>\n\t<meta name=\"twitter:data1\" content=\"3 minutes\" \/>\n<script type=\"application\/ld+json\" class=\"yoast-schema-graph\">{\"@context\":\"https:\\\/\\\/schema.org\",\"@graph\":[{\"@type\":\"WebPage\",\"@id\":\"https:\\\/\\\/mississaugagold.com\\\/about-canada-gold-mississauga\\\/\",\"url\":\"https:\\\/\\\/mississaugagold.com\\\/about-canada-gold-mississauga\\\/\",\"name\":\"Best Place To Buy & Sell Gold - Mississauga Gold\",\"isPartOf\":{\"@id\":\"https:\\\/\\\/mississaugagold.com\\\/#website\"},\"datePublished\":\"2025-02-18T14:56:01+00:00\",\"dateModified\":\"2026-01-05T15:35:16+00:00\",\"description\":\"Learn about Canada Gold and what makes our locations across the country the best places to buy and sell gold.\",\"breadcrumb\":{\"@id\":\"https:\\\/\\\/mississaugagold.com\\\/about-canada-gold-mississauga\\\/#breadcrumb\"},\"inLanguage\":\"fr-CA\",\"potentialAction\":[{\"@type\":\"ReadAction\",\"target\":[\"https:\\\/\\\/mississaugagold.com\\\/about-canada-gold-mississauga\\\/\"]}]},{\"@type\":\"BreadcrumbList\",\"@id\":\"https:\\\/\\\/mississaugagold.com\\\/about-canada-gold-mississauga\\\/#breadcrumb\",\"itemListElement\":[{\"@type\":\"ListItem\",\"position\":1,\"name\":\"Home\",\"item\":\"https:\\\/\\\/mississaugagold.com\\\/\"},{\"@type\":\"ListItem\",\"position\":2,\"name\":\"About Canada Gold &#8211; Mississauga\"}]},{\"@type\":\"WebSite\",\"@id\":\"https:\\\/\\\/mississaugagold.com\\\/#website\",\"url\":\"https:\\\/\\\/mississaugagold.com\\\/\",\"name\":\"Mississauga Gold\",\"description\":\"A Division of Canada Gold\",\"publisher\":{\"@id\":\"https:\\\/\\\/mississaugagold.com\\\/#organization\"},\"potentialAction\":[{\"@type\":\"SearchAction\",\"target\":{\"@type\":\"EntryPoint\",\"urlTemplate\":\"https:\\\/\\\/mississaugagold.com\\\/?s={search_term_string}\"},\"query-input\":{\"@type\":\"PropertyValueSpecification\",\"valueRequired\":true,\"valueName\":\"search_term_string\"}}],\"inLanguage\":\"fr-CA\"},{\"@type\":\"Organization\",\"@id\":\"https:\\\/\\\/mississaugagold.com\\\/#organization\",\"name\":\"Ottawa Gold\",\"url\":\"https:\\\/\\\/mississaugagold.com\\\/\",\"logo\":{\"@type\":\"ImageObject\",\"inLanguage\":\"fr-CA\",\"@id\":\"https:\\\/\\\/mississaugagold.com\\\/#\\\/schema\\\/logo\\\/image\\\/\",\"url\":\"https:\\\/\\\/mississaugagold.com\\\/wp-content\\\/uploads\\\/2025\\\/01\\\/Canada-Gold-Web-Logo-No-Tagline_Light_Gold_Blue.png\",\"contentUrl\":\"https:\\\/\\\/mississaugagold.com\\\/wp-content\\\/uploads\\\/2025\\\/01\\\/Canada-Gold-Web-Logo-No-Tagline_Light_Gold_Blue.png\",\"width\":450,\"height\":89,\"caption\":\"Ottawa Gold\"},\"image\":{\"@id\":\"https:\\\/\\\/mississaugagold.com\\\/#\\\/schema\\\/logo\\\/image\\\/\"},\"sameAs\":[\"https:\\\/\\\/www.facebook.com\\\/CanadaGoldBBB\",\"https:\\\/\\\/x.com\\\/CanadaGoldBBB\",\"https:\\\/\\\/www.instagram.com\\\/mississaugagold.com\\\/\"]}]}<\/script>\n<!-- \/ Yoast SEO plugin. -->","yoast_head_json":{"title":"Best Place To Buy & Sell Gold - Mississauga Gold","description":"D\u00e9couvrez Canada Gold et ce qui fait de nos \u00e9tablissements \u00e0 travers le pays les meilleurs endroits pour acheter et vendre de l'or.","robots":{"index":"index","follow":"follow","max-snippet":"max-snippet:-1","max-image-preview":"max-image-preview:large","max-video-preview":"max-video-preview:-1"},"canonical":"https:\/\/mississaugagold.com\/fr\/about-canada-gold-mississauga\/","og_locale":"fr_CA","og_type":"article","og_title":"Best Place To Buy & Sell Gold - Mississauga Gold","og_description":"Learn about Canada Gold and what makes our locations across the country the best places to buy and sell gold.","og_url":"https:\/\/mississaugagold.com\/fr\/about-canada-gold-mississauga\/","og_site_name":"Mississauga Gold","article_publisher":"https:\/\/www.facebook.com\/CanadaGoldBBB","article_modified_time":"2026-01-05T15:35:16+00:00","og_image":[{"width":879,"height":156,"url":"https:\/\/mississaugagold.com\/wp-content\/uploads\/2025\/08\/Canada-Gold-Regional-Web-Logo-Navy-With-White-Background_Mississauga.png","type":"image\/png"}],"twitter_card":"summary_large_image","twitter_site":"@CanadaGoldBBB","twitter_misc":{"Estimation du temps de lecture":"3 minutes"},"schema":{"@context":"https:\/\/schema.org","@graph":[{"@type":"WebPage","@id":"https:\/\/mississaugagold.com\/about-canada-gold-mississauga\/","url":"https:\/\/mississaugagold.com\/about-canada-gold-mississauga\/","name":"Best Place To Buy & Sell Gold - Mississauga Gold","isPartOf":{"@id":"https:\/\/mississaugagold.com\/#website"},"datePublished":"2025-02-18T14:56:01+00:00","dateModified":"2026-01-05T15:35:16+00:00","description":"D\u00e9couvrez Canada Gold et ce qui fait de nos \u00e9tablissements \u00e0 travers le pays les meilleurs endroits pour acheter et vendre de l'or.","breadcrumb":{"@id":"https:\/\/mississaugagold.com\/about-canada-gold-mississauga\/#breadcrumb"},"inLanguage":"fr-CA","potentialAction":[{"@type":"ReadAction","target":["https:\/\/mississaugagold.com\/about-canada-gold-mississauga\/"]}]},{"@type":"BreadcrumbList","@id":"https:\/\/mississaugagold.com\/about-canada-gold-mississauga\/#breadcrumb","itemListElement":[{"@type":"ListItem","position":1,"name":"Home","item":"https:\/\/mississaugagold.com\/"},{"@type":"ListItem","position":2,"name":"About Canada Gold &#8211; Mississauga"}]},{"@type":"WebSite","@id":"https:\/\/mississaugagold.com\/#website","url":"https:\/\/mississaugagold.com\/","name":"Mississauga Gold","description":"A Division of Canada Gold","publisher":{"@id":"https:\/\/mississaugagold.com\/#organization"},"potentialAction":[{"@type":"SearchAction","target":{"@type":"EntryPoint","urlTemplate":"https:\/\/mississaugagold.com\/?s={search_term_string}"},"query-input":{"@type":"PropertyValueSpecification","valueRequired":true,"valueName":"search_term_string"}}],"inLanguage":"fr-CA"},{"@type":"Organization","@id":"https:\/\/mississaugagold.com\/#organization","name":"Ottawa Gold","url":"https:\/\/mississaugagold.com\/","logo":{"@type":"ImageObject","inLanguage":"fr-CA","@id":"https:\/\/mississaugagold.com\/#\/schema\/logo\/image\/","url":"https:\/\/mississaugagold.com\/wp-content\/uploads\/2025\/01\/Canada-Gold-Web-Logo-No-Tagline_Light_Gold_Blue.png","contentUrl":"https:\/\/mississaugagold.com\/wp-content\/uploads\/2025\/01\/Canada-Gold-Web-Logo-No-Tagline_Light_Gold_Blue.png","width":450,"height":89,"caption":"Ottawa Gold"},"image":{"@id":"https:\/\/mississaugagold.com\/#\/schema\/logo\/image\/"},"sameAs":["https:\/\/www.facebook.com\/CanadaGoldBBB","https:\/\/x.com\/CanadaGoldBBB","https:\/\/www.instagram.com\/mississaugagold.com\/"]}]}},"_links":{"self":[{"href":"https:\/\/mississaugagold.com\/fr\/wp-json\/wp\/v2\/pages\/71853","targetHints":{"allow":["GET"]}}],"collection":[{"href":"https:\/\/mississaugagold.com\/fr\/wp-json\/wp\/v2\/pages"}],"about":[{"href":"https:\/\/mississaugagold.com\/fr\/wp-json\/wp\/v2\/types\/page"}],"author":[{"embeddable":true,"href":"https:\/\/mississaugagold.com\/fr\/wp-json\/wp\/v2\/users\/1"}],"replies":[{"embeddable":true,"href":"https:\/\/mississaugagold.com\/fr\/wp-json\/wp\/v2\/comments?post=71853"}],"version-history":[{"count":0,"href":"https:\/\/mississaugagold.com\/fr\/wp-json\/wp\/v2\/pages\/71853\/revisions"}],"wp:attachment":[{"href":"https:\/\/mississaugagold.com\/fr\/wp-json\/wp\/v2\/media?parent=71853"}],"curies":[{"name":"wp","href":"https:\/\/api.w.org\/{rel}","templated":true}]}}