{"id":71590,"date":"2025-01-28T18:30:31","date_gmt":"2025-01-28T18:30:31","guid":{"rendered":"https:\/\/ottawagolddev.wpenginepowered.com\/?page_id=71590"},"modified":"2026-02-18T09:57:05","modified_gmt":"2026-02-18T14:57:05","slug":"lor","status":"publish","type":"page","link":"https:\/\/mississaugagold.com\/fr\/sell-to-us\/gold\/","title":{"rendered":"Vendre son or"},"content":{"rendered":"<p>[et_pb_section fb_built=&#8221;1&#8243; custom_padding_last_edited=&#8221;on|desktop&#8221; admin_label=&#8221;Section&#8221; _builder_version=&#8221;4.27.4&#8243; _module_preset=&#8221;default&#8221; background_color=&#8221;#032340&#8243; height_tablet=&#8221;&#8221; height_phone=&#8221;&#8221; height_last_edited=&#8221;on|desktop&#8221; custom_padding=&#8221;9px||4px||false|false&#8221; custom_padding_tablet=&#8221;9px||4px||false|false&#8221; custom_padding_phone=&#8221;9px||4px||false|false&#8221; border_color_bottom=&#8221;#D2AE74&#8243; saved_tabs=&#8221;all&#8221; locked=&#8221;off&#8221; collapsed=&#8221;off&#8221; global_colors_info=&#8221;{}&#8221;][et_pb_row make_equal=&#8221;on&#8221; _builder_version=&#8221;4.27.4&#8243; _module_preset=&#8221;default&#8221; custom_padding=&#8221;0px||0px||false|false&#8221; custom_css_main_element=&#8221;display:flex;&#8221; global_colors_info=&#8221;{}&#8221;][et_pb_column type=&#8221;4_4&#8243; _builder_version=&#8221;4.27.4&#8243; _module_preset=&#8221;default&#8221; custom_css_main_element=&#8221;display:flex;||flex-direction:column;||justify-content: center;&#8221; global_colors_info=&#8221;{}&#8221;][et_pb_text admin_label=&#8221;page title&#8221; _builder_version=&#8221;4.27.4&#8243; _dynamic_attributes=&#8221;content&#8221; _module_preset=&#8221;default&#8221; header_font=&#8221;|&#8211;et_global_heading_font_weight||on|||||&#8221; header_text_align=&#8221;center&#8221; header_text_color=&#8221;#FFFFFF&#8221; header_font_size=&#8221;38px&#8221; custom_css_free_form=&#8221;.selector h1 {||  font-weight:400!important;||}&#8221; global_colors_info=&#8221;{}&#8221;]@ET-DC@eyJkeW5hbWljIjp0cnVlLCJjb250ZW50IjoicG9zdF90aXRsZSIsInNldHRpbmdzIjp7ImJlZm9yZSI6IjxoMT4iLCJhZnRlciI6IjwvaDE+In19@[\/et_pb_text][\/et_pb_column][\/et_pb_row][\/et_pb_section][et_pb_section fb_built=&#8221;1&#8243; _builder_version=&#8221;4.27.4&#8243; _module_preset=&#8221;default&#8221; custom_margin=&#8221;||20px||false|false&#8221; custom_padding=&#8221;0px||0px||false|false&#8221; global_module=&#8221;151&#8243; saved_tabs=&#8221;all&#8221; locked=&#8221;off&#8221; global_colors_info=&#8221;{}&#8221;][et_pb_row _builder_version=&#8221;4.27.4&#8243; _module_preset=&#8221;default&#8221; max_width=&#8221;1280px&#8221; custom_padding=&#8221;20px||20px||true|false&#8221; global_colors_info=&#8221;{}&#8221;][et_pb_column type=&#8221;4_4&#8243; _builder_version=&#8221;4.27.4&#8243; _module_preset=&#8221;default&#8221; global_colors_info=&#8221;{}&#8221;][et_pb_text admin_label=&#8221;breadcrumbs&#8221; _builder_version=&#8221;4.27.4&#8243; _module_preset=&#8221;default&#8221; text_font=&#8221;|&#8211;et_global_body_font_weight||on|||||&#8221; text_text_color=&#8221;#0E3E63&#8243; text_font_size=&#8221;14px&#8221; link_font=&#8221;|||on|||||&#8221; link_text_color=&#8221;#000000&#8243; global_colors_info=&#8221;{}&#8221;]<\/p>\n<div data-plaintext=\"true\" data-pm-slice=\"1 1 [&quot;codeblock&quot;,{&quot;style&quot;:null,&quot;codeblock&quot;:true,&quot;textAlign&quot;:null,&quot;syntaxLanguage&quot;:null,&quot;lineWrapping&quot;:false}]\" data-en-clipboard=\"true\"><span><span><a href=\"https:\/\/mississaugagold.com\/\">Home<\/a><\/span><\/span><\/div>\n<p>[\/et_pb_text][\/et_pb_column][\/et_pb_row][\/et_pb_section][et_pb_section fb_built=&#8221;1&#8243; _builder_version=&#8221;4.27.4&#8243; _module_preset=&#8221;default&#8221; custom_margin=&#8221;||||false|false&#8221; custom_padding=&#8221;0px||0px||false|false&#8221; global_colors_info=&#8221;{}&#8221;][et_pb_row column_structure=&#8221;1_2,1_2&#8243; _builder_version=&#8221;4.27.4&#8243; _module_preset=&#8221;default&#8221; max_width=&#8221;1280px&#8221; custom_margin=&#8221;30px||||false|false&#8221; custom_padding=&#8221;0px||20px||false|false&#8221; global_colors_info=&#8221;{}&#8221;][et_pb_column type=&#8221;1_2&#8243; _builder_version=&#8221;4.27.4&#8243; _module_preset=&#8221;default&#8221; global_colors_info=&#8221;{}&#8221;][et_pb_text admin_label=&#8221;Get the Best Price for Your Gold in Mississauga&#8221; _builder_version=&#8221;4.27.4&#8243; _module_preset=&#8221;default&#8221; text_text_color=&#8221;#000000&#8243; header_2_font=&#8221;|600|||||||&#8221; header_2_font_size=&#8221;36px&#8221; header_3_line_height=&#8221;1.2em&#8221; global_colors_info=&#8221;{}&#8221;]<\/p>\n<h3>Get the Best Price for Your Gold in Mississauga<\/h3>\n<p>Selling your gold should be simple and fair. At Canada Gold &#8211; Mississauga, we offer accurate evaluations, no-obligation quotes and payouts based on live market rates. Whether you are selling bullion, jewellery or dental gold, you can count on a transparent process and a competitive offer.<\/p>\n<p>[\/et_pb_text][et_pb_text admin_label=&#8221;We buy:&#8221; _builder_version=&#8221;4.27.4&#8243; _module_preset=&#8221;default&#8221; text_text_color=&#8221;#000000&#8243; header_3_line_height=&#8221;1.2em&#8221; global_colors_info=&#8221;{}&#8221;]<\/p>\n<h3>We buy:<\/h3>\n<ul>\n<li>Recognized bullion from trusted mints<\/li>\n<li>Unrecognized bullion, bars and rounds<\/li>\n<li>Gold jewellery, no matter the size or condition<\/li>\n<li>Dental gold and scrap gold<\/li>\n<\/ul>\n<p>&nbsp;<\/p>\n<p>[\/et_pb_text][\/et_pb_column][et_pb_column type=&#8221;1_2&#8243; _builder_version=&#8221;4.27.4&#8243; _module_preset=&#8221;default&#8221; background_enable_image=&#8221;off&#8221; custom_padding=&#8221;10px||||false|false&#8221; global_colors_info=&#8221;{}&#8221;][et_pb_text admin_label=&#8221;Today&#8217;s Bullion Prices heading&#8221; _builder_version=&#8221;4.27.4&#8243; _module_preset=&#8221;default&#8221; custom_margin=&#8221;||10px||false|false&#8221; global_colors_info=&#8221;{}&#8221;]<\/p>\n<h3>Today&#8217;s Bullion Prices<\/h3>\n<p>[\/et_pb_text][et_pb_code admin_label=&#8221;bullion price table %91CODE%93&#8243; _builder_version=&#8221;4.27.4&#8243; _module_preset=&#8221;default&#8221; custom_margin=&#8221;||0px||false|false&#8221; global_colors_info=&#8221;{}&#8221;]<table class=\"cg-table gold\">\n            <thead>\n                <tr>\n                    <th>Gold Bullion<\/th>\n                    <th>Price<\/th>\n                <\/tr>\n            <\/thead>\n            <tbody>\n                <tr>\n                    <td>1 oz Gold Maple Leaf 9999<\/td>\n                    <td>$6,393.39\/coin<\/td>\n                <\/tr>\n                <tr>\n                    <td>1 oz Gold Maple Leaf 9999 (2014 or Later)<\/td>\n                    <td>$6,426.17\/coin<\/td>\n                <\/tr>\n                <tr>\n                    <td>1 oz Gold Maple Leaf Damaged or 999<\/td>\n                    <td>$6,163.88\/coin<\/td>\n                <\/tr>\n                <tr>\n                    <td>Gold Maple Leaf under 1 oz<\/td>\n                    <td>$210.82\/g<\/td>\n                <\/tr>\n                <tr>\n                    <td>1 oz Recognized Gold Bar<\/td>\n                    <td>$6,393.39\/bar<\/td>\n                <\/tr>\n                <tr>\n                    <td>5 oz Recognized Gold Bar<\/td>\n                    <td>$31,311.20\/bar<\/td>\n                <\/tr>\n                <tr>\n                    <td>10 oz Recognized Gold Bar<\/td>\n                    <td>$62,294.54\/bar<\/td>\n                <\/tr>\n                <tr>\n                    <td>Unrecognized Gold Bars<\/td>\n                    <td>$5,999.95\/oz<\/td>\n                <\/tr>\n            <\/tbody>\n        <\/table>[\/et_pb_code][et_pb_code admin_label=&#8221;API Timestamp Shortcode&#8221; _builder_version=&#8221;4.27.4&#8243; _module_preset=&#8221;default&#8221; custom_margin=&#8221;20px||||false|false&#8221; global_module=&#8221;74683&#8243; global_colors_info=&#8221;{}&#8221;]<p class=\"date_updated\">Prices updated as of: <span>04\/16\/2026 10:56 PM EDT<\/span><\/p>[\/et_pb_code][\/et_pb_column][\/et_pb_row][et_pb_row _builder_version=&#8221;4.27.4&#8243; _module_preset=&#8221;default&#8221; max_width=&#8221;1280px&#8221; custom_padding=&#8221;20px||||false|false&#8221; global_colors_info=&#8221;{}&#8221;][et_pb_column type=&#8221;4_4&#8243; _builder_version=&#8221;4.27.4&#8243; _module_preset=&#8221;default&#8221; global_colors_info=&#8221;{}&#8221;][et_pb_text admin_label=&#8221;How We Evaluate Your Gold&#8221; _builder_version=&#8221;4.27.4&#8243; _module_preset=&#8221;default&#8221; link_font=&#8221;|700|||||||&#8221; global_colors_info=&#8221;{}&#8221;]<\/p>\n<h3>How We Evaluate Your Gold<\/h3>\n<p>When you bring in your items, we will test them in front of you and explain each step. Our process is designed to be clear and straightforward. Every offer is based on the purity of your gold, the exact weight and the current live market rate.<\/p>\n<p>Jewellery that holds value beyond its gold content, like rare pieces or items from sought-after designers, will be evaluated with that added value in mind. You will never have to guess what your items are worth.<\/p>\n<p>There is no charge for evaluations, and you are welcome to decide when you are ready to sell.<\/p>\n<h3>Trusted by Our Community<\/h3>\n<p>Canada Gold &#8211; Mississauga is part of a nationwide network that prioritizes transparency and fairness. Our high-volume model and low margins allow us to offer stronger payouts than many local competitors. We are an accredited Better Business Bureau member and an official Royal Canadian Mint DNA dealer, which means we can instantly authenticate eligible Mint coins on site.<\/p>\n<h3><a name=\"_ajsi9ss151ak\"><\/a> We Also Buy Silver<\/h3>\n<p>If you are thinking about selling silver, we are here to help. We purchase:<\/p>\n<ul>\n<li>Sterling silver jewellery and flatware (marked 925)<\/li>\n<li>Fine silver bullion in bars, rounds or coins<\/li>\n<li>Unmarked items, which we will test in-store\u00a0<\/li>\n<\/ul>\n<p>We do not buy silver-plated items, as they contain only a thin layer of silver.<\/p>\n<h3><a name=\"_99zgzm4n8hl1\"><\/a> Jewellery, Diamonds and Luxury Watches<\/h3>\n<p>We buy all types of gold, silver and platinum jewellery. Rings, bracelets, necklaces, earrings and chains are all welcome. Some items may be worth more than just their metal content, especially if they come from a known designer or have collector interest.<\/p>\n<p>For diamonds over 0.4 carats, we offer evaluations with a GIA-trained expert. Smaller diamonds are included as part of the item\u2019s total weight.<\/p>\n<p>We also purchase luxury watches from brands like Rolex, Omega, Cartier and Patek Philippe.<\/p>\n<p>We do not buy uncut or lab-created diamonds.<\/p>\n<h3><a name=\"_nvtyxpp1vd5j\"><\/a> Why Choose Canada Gold &#8211; Mississauga?<\/h3>\n<ul>\n<li>Free, no-pressure evaluations<\/li>\n<li>Clear, real-time pricing<\/li>\n<li>Trusted by thousands of customers nationwide<\/li>\n<li>Accredited BBB member and Royal Canadian Mint DNA Dealer\u00a0<\/li>\n<\/ul>\n<p>Visit us today at 8 Thomas Street or give us a call at <a href=\"tel:+12899804653\">(289) 980-4653<\/a>. Whether you are selling a single piece or a larger collection, we are here to help you understand the true value of what you have.<\/p>\n<p>[\/et_pb_text][\/et_pb_column][\/et_pb_row][et_pb_row _builder_version=&#8221;4.27.4&#8243; _module_preset=&#8221;default&#8221; custom_padding=&#8221;0px||0px||false|false&#8221; global_colors_info=&#8221;{}&#8221;][et_pb_column type=&#8221;4_4&#8243; _builder_version=&#8221;4.27.4&#8243; _module_preset=&#8221;default&#8221; global_colors_info=&#8221;{}&#8221;][dipi_divider content_type=&#8221;image&#8221; content_image=&#8221;https:\/\/mississaugagold.com\/wp-content\/uploads\/2025\/01\/Canada-Gold-Leaf-2025.png&#8221; content_width=&#8221;100px&#8221; first_decoration_line_color=&#8221;#0E3E63&#8243; _builder_version=&#8221;4.27.4&#8243; _module_preset=&#8221;default&#8221; global_colors_info=&#8221;{}&#8221;][\/dipi_divider][\/et_pb_column][\/et_pb_row][\/et_pb_section][et_pb_section fb_built=&#8221;1&#8243; _builder_version=&#8221;4.27.4&#8243; _module_preset=&#8221;default&#8221; custom_padding=&#8221;30px||40px||false|false&#8221; global_colors_info=&#8221;{}&#8221;][et_pb_row column_structure=&#8221;1_3,1_3,1_3&#8243; _builder_version=&#8221;4.27.4&#8243; _module_preset=&#8221;default&#8221; max_width=&#8221;1280px&#8221; global_colors_info=&#8221;{}&#8221;][et_pb_column type=&#8221;1_3&#8243; _builder_version=&#8221;4.27.4&#8243; _module_preset=&#8221;default&#8221; global_colors_info=&#8221;{}&#8221;][et_pb_image src=&#8221;https:\/\/mississaugagold.com\/wp-content\/uploads\/2025\/01\/gia-logo-trimmed.png&#8221; alt=&#8221;GIA Logo&#8221; title_text=&#8221;gia-logo-trimmed&#8221; align=&#8221;center&#8221; _builder_version=&#8221;4.27.4&#8243; _module_preset=&#8221;default&#8221; module_alignment=&#8221;center&#8221; height=&#8221;50px&#8221; global_colors_info=&#8221;{}&#8221;][\/et_pb_image][\/et_pb_column][et_pb_column type=&#8221;1_3&#8243; _builder_version=&#8221;4.27.4&#8243; _module_preset=&#8221;default&#8221; global_colors_info=&#8221;{}&#8221;][et_pb_image src=&#8221;https:\/\/mississaugagold.com\/wp-content\/uploads\/2025\/01\/bbb-accredited-business-a-.png&#8221; alt=&#8221;BBB Accredited&#8221; title_text=&#8221;bbb-accredited-business-a-&#8221; align=&#8221;center&#8221; _builder_version=&#8221;4.27.4&#8243; _module_preset=&#8221;default&#8221; module_alignment=&#8221;center&#8221; height=&#8221;50px&#8221; global_colors_info=&#8221;{}&#8221;][\/et_pb_image][\/et_pb_column][et_pb_column type=&#8221;1_3&#8243; _builder_version=&#8221;4.27.4&#8243; _module_preset=&#8221;default&#8221; global_colors_info=&#8221;{}&#8221;][et_pb_image src=&#8221;https:\/\/mississaugagold.com\/wp-content\/uploads\/2025\/01\/Royal_Canadian_Mint_Logo_Canada-Gold_Authorized_Distributor-100h.png&#8221; alt=&#8221;Royal_Canadian_Mint_Logo_Canada-Gold_Authorized_Distributor-100h&#8221; align=&#8221;center&#8221; _builder_version=&#8221;4.27.4&#8243; _module_preset=&#8221;default&#8221; height=&#8221;50px&#8221; global_colors_info=&#8221;{}&#8221;][\/et_pb_image][\/et_pb_column][\/et_pb_row][et_pb_row column_structure=&#8221;1_3,1_3,1_3&#8243; _builder_version=&#8221;4.27.4&#8243; _module_preset=&#8221;default&#8221; max_width=&#8221;1280px&#8221; custom_padding=&#8221;0px||||false|false&#8221; global_colors_info=&#8221;{}&#8221;][et_pb_column type=&#8221;1_3&#8243; _builder_version=&#8221;4.27.4&#8243; _module_preset=&#8221;default&#8221; global_colors_info=&#8221;{}&#8221;][et_pb_text _builder_version=&#8221;4.27.4&#8243; _module_preset=&#8221;default&#8221; hover_enabled=&#8221;0&#8243; global_colors_info=&#8221;{}&#8221; sticky_enabled=&#8221;0&#8243;]<\/p>\n<p>Canada Gold buys diamonds that have been appraised by one of our Gemological Institute of America (GIA) certified gemologists, the leading experts in diamond analysis and grading.<\/p>\n<p>[\/et_pb_text][\/et_pb_column][et_pb_column type=&#8221;1_3&#8243; _builder_version=&#8221;4.27.4&#8243; _module_preset=&#8221;default&#8221; global_colors_info=&#8221;{}&#8221;][et_pb_text _builder_version=&#8221;4.27.4&#8243; _module_preset=&#8221;default&#8221; global_colors_info=&#8221;{}&#8221;]<\/p>\n<p>Canada Gold is proudly accredited through the Better Business Bureau. This shows our commitment to providing superior customer service every time you visit.<\/p>\n<p>[\/et_pb_text][\/et_pb_column][et_pb_column type=&#8221;1_3&#8243; _builder_version=&#8221;4.27.4&#8243; _module_preset=&#8221;default&#8221; global_colors_info=&#8221;{}&#8221;][et_pb_text _builder_version=&#8221;4.27.4&#8243; _module_preset=&#8221;default&#8221; global_colors_info=&#8221;{}&#8221;]<\/p>\n<p>Canada Gold is proud to be an authorized DNA dealer for the Royal Canadian Mint. We are able to instantly authenticate any registered mint coins.<\/p>\n<p>[\/et_pb_text][\/et_pb_column][\/et_pb_row][\/et_pb_section]<\/p>\n","protected":false},"excerpt":{"rendered":"<p><span><span><a href=\"https:\/\/mississaugagold.com\/\">Home<\/a><\/span><\/span>Get the Best Price for Your Gold in Mississauga Selling your gold should be simple and fair. At Canada Gold &#8211; Mississauga, we offer accurate evaluations, no-obligation quotes and payouts based on live market rates. Whether you are selling bullion, jewellery or dental gold, you can count on a transparent process and a competitive offer.We [&hellip;]<\/p>\n","protected":false},"author":1,"featured_media":0,"parent":71260,"menu_order":0,"comment_status":"closed","ping_status":"closed","template":"","meta":{"_acf_changed":false,"_et_pb_use_builder":"on","_et_pb_old_content":"","_et_gb_content_width":"","footnotes":""},"class_list":["post-71590","page","type-page","status-publish","hentry"],"acf":[],"yoast_head":"<!-- This site is optimized with the Yoast SEO plugin v27.4 - https:\/\/yoast.com\/product\/yoast-seo-wordpress\/ -->\n<title>Sell Your Gold - Mississauga Gold<\/title>\n<meta name=\"description\" content=\"Do you have gold bullion to sell? We offer the guaranteed best price on coins, ingots and bars with a no-obligation evaluation.\" \/>\n<meta name=\"robots\" content=\"index, follow, max-snippet:-1, max-image-preview:large, max-video-preview:-1\" \/>\n<link rel=\"canonical\" href=\"https:\/\/mississaugagold.com\/fr\/sell-to-us\/lor\/\" \/>\n<meta property=\"og:locale\" content=\"fr_CA\" \/>\n<meta property=\"og:type\" content=\"article\" \/>\n<meta property=\"og:title\" content=\"Sell Your Gold - Mississauga Gold\" \/>\n<meta property=\"og:description\" content=\"Do you have gold bullion to sell? We offer the guaranteed best price on coins, ingots and bars with a no-obligation evaluation.\" \/>\n<meta property=\"og:url\" content=\"https:\/\/mississaugagold.com\/fr\/sell-to-us\/lor\/\" \/>\n<meta property=\"og:site_name\" content=\"Mississauga Gold\" \/>\n<meta property=\"article:publisher\" content=\"https:\/\/www.facebook.com\/CanadaGoldBBB\" \/>\n<meta property=\"article:modified_time\" content=\"2026-02-18T14:57:05+00:00\" \/>\n<meta property=\"og:image\" content=\"https:\/\/mississaugagold.com\/wp-content\/uploads\/2025\/08\/Canada-Gold-Regional-Web-Logo-Navy-With-White-Background_Mississauga.png\" \/>\n\t<meta property=\"og:image:width\" content=\"879\" \/>\n\t<meta property=\"og:image:height\" content=\"156\" \/>\n\t<meta property=\"og:image:type\" content=\"image\/png\" \/>\n<meta name=\"twitter:card\" content=\"summary_large_image\" \/>\n<meta name=\"twitter:site\" content=\"@CanadaGoldBBB\" \/>\n<meta name=\"twitter:label1\" content=\"Estimation du temps de lecture\" \/>\n\t<meta name=\"twitter:data1\" content=\"4 minutes\" \/>\n<script type=\"application\/ld+json\" class=\"yoast-schema-graph\">{\"@context\":\"https:\\\/\\\/schema.org\",\"@graph\":[{\"@type\":\"WebPage\",\"@id\":\"https:\\\/\\\/mississaugagold.com\\\/sell-to-us\\\/gold\\\/\",\"url\":\"https:\\\/\\\/mississaugagold.com\\\/sell-to-us\\\/gold\\\/\",\"name\":\"Sell Your Gold - Mississauga Gold\",\"isPartOf\":{\"@id\":\"https:\\\/\\\/mississaugagold.com\\\/#website\"},\"datePublished\":\"2025-01-28T18:30:31+00:00\",\"dateModified\":\"2026-02-18T14:57:05+00:00\",\"description\":\"Do you have gold bullion to sell? We offer the guaranteed best price on coins, ingots and bars with a no-obligation evaluation.\",\"breadcrumb\":{\"@id\":\"https:\\\/\\\/mississaugagold.com\\\/sell-to-us\\\/gold\\\/#breadcrumb\"},\"inLanguage\":\"fr-CA\",\"potentialAction\":[{\"@type\":\"ReadAction\",\"target\":[\"https:\\\/\\\/mississaugagold.com\\\/sell-to-us\\\/gold\\\/\"]}]},{\"@type\":\"BreadcrumbList\",\"@id\":\"https:\\\/\\\/mississaugagold.com\\\/sell-to-us\\\/gold\\\/#breadcrumb\",\"itemListElement\":[{\"@type\":\"ListItem\",\"position\":1,\"name\":\"Home\",\"item\":\"https:\\\/\\\/mississaugagold.com\\\/\"},{\"@type\":\"ListItem\",\"position\":2,\"name\":\"Sell to Us\",\"item\":\"https:\\\/\\\/mississaugagold.com\\\/sell-to-us\\\/\"},{\"@type\":\"ListItem\",\"position\":3,\"name\":\"Sell Your Gold\"}]},{\"@type\":\"WebSite\",\"@id\":\"https:\\\/\\\/mississaugagold.com\\\/#website\",\"url\":\"https:\\\/\\\/mississaugagold.com\\\/\",\"name\":\"Mississauga Gold\",\"description\":\"A Division of Canada Gold\",\"publisher\":{\"@id\":\"https:\\\/\\\/mississaugagold.com\\\/#organization\"},\"potentialAction\":[{\"@type\":\"SearchAction\",\"target\":{\"@type\":\"EntryPoint\",\"urlTemplate\":\"https:\\\/\\\/mississaugagold.com\\\/?s={search_term_string}\"},\"query-input\":{\"@type\":\"PropertyValueSpecification\",\"valueRequired\":true,\"valueName\":\"search_term_string\"}}],\"inLanguage\":\"fr-CA\"},{\"@type\":\"Organization\",\"@id\":\"https:\\\/\\\/mississaugagold.com\\\/#organization\",\"name\":\"Ottawa Gold\",\"url\":\"https:\\\/\\\/mississaugagold.com\\\/\",\"logo\":{\"@type\":\"ImageObject\",\"inLanguage\":\"fr-CA\",\"@id\":\"https:\\\/\\\/mississaugagold.com\\\/#\\\/schema\\\/logo\\\/image\\\/\",\"url\":\"https:\\\/\\\/mississaugagold.com\\\/wp-content\\\/uploads\\\/2025\\\/01\\\/Canada-Gold-Web-Logo-No-Tagline_Light_Gold_Blue.png\",\"contentUrl\":\"https:\\\/\\\/mississaugagold.com\\\/wp-content\\\/uploads\\\/2025\\\/01\\\/Canada-Gold-Web-Logo-No-Tagline_Light_Gold_Blue.png\",\"width\":450,\"height\":89,\"caption\":\"Ottawa Gold\"},\"image\":{\"@id\":\"https:\\\/\\\/mississaugagold.com\\\/#\\\/schema\\\/logo\\\/image\\\/\"},\"sameAs\":[\"https:\\\/\\\/www.facebook.com\\\/CanadaGoldBBB\",\"https:\\\/\\\/x.com\\\/CanadaGoldBBB\",\"https:\\\/\\\/www.instagram.com\\\/mississaugagold.com\\\/\"]}]}<\/script>\n<!-- \/ Yoast SEO plugin. -->","yoast_head_json":{"title":"Sell Your Gold - Mississauga Gold","description":"Vous avez des lingots d'or \u00e0 vendre ? Nous offrons le meilleur prix garanti pour les pi\u00e8ces, les lingots et les barres avec une \u00e9valuation sans obligation.","robots":{"index":"index","follow":"follow","max-snippet":"max-snippet:-1","max-image-preview":"max-image-preview:large","max-video-preview":"max-video-preview:-1"},"canonical":"https:\/\/mississaugagold.com\/fr\/sell-to-us\/lor\/","og_locale":"fr_CA","og_type":"article","og_title":"Sell Your Gold - Mississauga Gold","og_description":"Do you have gold bullion to sell? We offer the guaranteed best price on coins, ingots and bars with a no-obligation evaluation.","og_url":"https:\/\/mississaugagold.com\/fr\/sell-to-us\/lor\/","og_site_name":"Mississauga Gold","article_publisher":"https:\/\/www.facebook.com\/CanadaGoldBBB","article_modified_time":"2026-02-18T14:57:05+00:00","og_image":[{"width":879,"height":156,"url":"https:\/\/mississaugagold.com\/wp-content\/uploads\/2025\/08\/Canada-Gold-Regional-Web-Logo-Navy-With-White-Background_Mississauga.png","type":"image\/png"}],"twitter_card":"summary_large_image","twitter_site":"@CanadaGoldBBB","twitter_misc":{"Estimation du temps de lecture":"4 minutes"},"schema":{"@context":"https:\/\/schema.org","@graph":[{"@type":"WebPage","@id":"https:\/\/mississaugagold.com\/sell-to-us\/gold\/","url":"https:\/\/mississaugagold.com\/sell-to-us\/gold\/","name":"Sell Your Gold - Mississauga Gold","isPartOf":{"@id":"https:\/\/mississaugagold.com\/#website"},"datePublished":"2025-01-28T18:30:31+00:00","dateModified":"2026-02-18T14:57:05+00:00","description":"Vous avez des lingots d'or \u00e0 vendre ? Nous offrons le meilleur prix garanti pour les pi\u00e8ces, les lingots et les barres avec une \u00e9valuation sans obligation.","breadcrumb":{"@id":"https:\/\/mississaugagold.com\/sell-to-us\/gold\/#breadcrumb"},"inLanguage":"fr-CA","potentialAction":[{"@type":"ReadAction","target":["https:\/\/mississaugagold.com\/sell-to-us\/gold\/"]}]},{"@type":"BreadcrumbList","@id":"https:\/\/mississaugagold.com\/sell-to-us\/gold\/#breadcrumb","itemListElement":[{"@type":"ListItem","position":1,"name":"Home","item":"https:\/\/mississaugagold.com\/"},{"@type":"ListItem","position":2,"name":"Sell to Us","item":"https:\/\/mississaugagold.com\/sell-to-us\/"},{"@type":"ListItem","position":3,"name":"Sell Your Gold"}]},{"@type":"WebSite","@id":"https:\/\/mississaugagold.com\/#website","url":"https:\/\/mississaugagold.com\/","name":"Mississauga Gold","description":"A Division of Canada Gold","publisher":{"@id":"https:\/\/mississaugagold.com\/#organization"},"potentialAction":[{"@type":"SearchAction","target":{"@type":"EntryPoint","urlTemplate":"https:\/\/mississaugagold.com\/?s={search_term_string}"},"query-input":{"@type":"PropertyValueSpecification","valueRequired":true,"valueName":"search_term_string"}}],"inLanguage":"fr-CA"},{"@type":"Organization","@id":"https:\/\/mississaugagold.com\/#organization","name":"Ottawa Gold","url":"https:\/\/mississaugagold.com\/","logo":{"@type":"ImageObject","inLanguage":"fr-CA","@id":"https:\/\/mississaugagold.com\/#\/schema\/logo\/image\/","url":"https:\/\/mississaugagold.com\/wp-content\/uploads\/2025\/01\/Canada-Gold-Web-Logo-No-Tagline_Light_Gold_Blue.png","contentUrl":"https:\/\/mississaugagold.com\/wp-content\/uploads\/2025\/01\/Canada-Gold-Web-Logo-No-Tagline_Light_Gold_Blue.png","width":450,"height":89,"caption":"Ottawa Gold"},"image":{"@id":"https:\/\/mississaugagold.com\/#\/schema\/logo\/image\/"},"sameAs":["https:\/\/www.facebook.com\/CanadaGoldBBB","https:\/\/x.com\/CanadaGoldBBB","https:\/\/www.instagram.com\/mississaugagold.com\/"]}]}},"_links":{"self":[{"href":"https:\/\/mississaugagold.com\/fr\/wp-json\/wp\/v2\/pages\/71590","targetHints":{"allow":["GET"]}}],"collection":[{"href":"https:\/\/mississaugagold.com\/fr\/wp-json\/wp\/v2\/pages"}],"about":[{"href":"https:\/\/mississaugagold.com\/fr\/wp-json\/wp\/v2\/types\/page"}],"author":[{"embeddable":true,"href":"https:\/\/mississaugagold.com\/fr\/wp-json\/wp\/v2\/users\/1"}],"replies":[{"embeddable":true,"href":"https:\/\/mississaugagold.com\/fr\/wp-json\/wp\/v2\/comments?post=71590"}],"version-history":[{"count":0,"href":"https:\/\/mississaugagold.com\/fr\/wp-json\/wp\/v2\/pages\/71590\/revisions"}],"up":[{"embeddable":true,"href":"https:\/\/mississaugagold.com\/fr\/wp-json\/wp\/v2\/pages\/71260"}],"wp:attachment":[{"href":"https:\/\/mississaugagold.com\/fr\/wp-json\/wp\/v2\/media?parent=71590"}],"curies":[{"name":"wp","href":"https:\/\/api.w.org\/{rel}","templated":true}]}}