{"id":185,"date":"2025-01-23T14:33:16","date_gmt":"2025-01-23T14:33:16","guid":{"rendered":"https:\/\/ottawagolddev.wpenginepowered.com\/?page_id=185"},"modified":"2026-01-05T11:14:29","modified_gmt":"2026-01-05T16:14:29","slug":"buy-from-us","status":"publish","type":"page","link":"https:\/\/mississaugagold.com\/fr\/buy-from-us\/","title":{"rendered":"Acheter chez nous"},"content":{"rendered":"<p>[et_pb_section fb_built=&#8221;1&#8243; custom_padding_last_edited=&#8221;on|desktop&#8221; admin_label=&#8221;Section&#8221; _builder_version=&#8221;4.27.4&#8243; _module_preset=&#8221;default&#8221; background_color=&#8221;#032340&#8243; height_tablet=&#8221;&#8221; height_phone=&#8221;&#8221; height_last_edited=&#8221;on|desktop&#8221; custom_padding=&#8221;9px||4px||false|false&#8221; custom_padding_tablet=&#8221;9px||4px||false|false&#8221; custom_padding_phone=&#8221;9px||4px||false|false&#8221; border_color_bottom=&#8221;#D2AE74&#8243; global_module=&#8221;73382&#8243; saved_tabs=&#8221;all&#8221; locked=&#8221;off&#8221; collapsed=&#8221;off&#8221; global_colors_info=&#8221;{}&#8221;][et_pb_row make_equal=&#8221;on&#8221; _builder_version=&#8221;4.27.4&#8243; _module_preset=&#8221;default&#8221; custom_padding=&#8221;0px||0px||false|false&#8221; custom_css_main_element=&#8221;display:flex;&#8221; global_colors_info=&#8221;{}&#8221;][et_pb_column type=&#8221;4_4&#8243; _builder_version=&#8221;4.27.4&#8243; _module_preset=&#8221;default&#8221; custom_css_main_element=&#8221;display:flex;||flex-direction:column;||justify-content: center;&#8221; global_colors_info=&#8221;{}&#8221;][et_pb_text admin_label=&#8221;page title&#8221; _builder_version=&#8221;4.27.4&#8243; _dynamic_attributes=&#8221;content&#8221; _module_preset=&#8221;default&#8221; header_font=&#8221;|&#8211;et_global_heading_font_weight||on|||||&#8221; header_text_align=&#8221;center&#8221; header_text_color=&#8221;#FFFFFF&#8221; header_font_size=&#8221;38px&#8221; custom_css_free_form=&#8221;.selector h1 {||  font-weight:400!important;||}&#8221; global_colors_info=&#8221;{}&#8221;]@ET-DC@eyJkeW5hbWljIjp0cnVlLCJjb250ZW50IjoicG9zdF90aXRsZSIsInNldHRpbmdzIjp7ImJlZm9yZSI6IjxoMT4iLCJhZnRlciI6IjwvaDE+In19@[\/et_pb_text][\/et_pb_column][\/et_pb_row][\/et_pb_section][et_pb_section fb_built=&#8221;1&#8243; _builder_version=&#8221;4.27.4&#8243; _module_preset=&#8221;default&#8221; custom_margin=&#8221;||20px||false|false&#8221; custom_padding=&#8221;0px||0px||false|false&#8221; global_module=&#8221;151&#8243; saved_tabs=&#8221;all&#8221; locked=&#8221;off&#8221; global_colors_info=&#8221;{}&#8221;][et_pb_row _builder_version=&#8221;4.27.4&#8243; _module_preset=&#8221;default&#8221; max_width=&#8221;1280px&#8221; custom_padding=&#8221;20px||20px||true|false&#8221; global_colors_info=&#8221;{}&#8221;][et_pb_column type=&#8221;4_4&#8243; _builder_version=&#8221;4.27.4&#8243; _module_preset=&#8221;default&#8221; global_colors_info=&#8221;{}&#8221;][et_pb_text admin_label=&#8221;breadcrumbs&#8221; _builder_version=&#8221;4.27.4&#8243; _module_preset=&#8221;default&#8221; text_font=&#8221;|&#8211;et_global_body_font_weight||on|||||&#8221; text_text_color=&#8221;#0E3E63&#8243; text_font_size=&#8221;14px&#8221; link_font=&#8221;|||on|||||&#8221; link_text_color=&#8221;#000000&#8243; global_colors_info=&#8221;{}&#8221;]<\/p>\n<div data-plaintext=\"true\" data-pm-slice=\"1 1 [&quot;codeblock&quot;,{&quot;style&quot;:null,&quot;codeblock&quot;:true,&quot;textAlign&quot;:null,&quot;syntaxLanguage&quot;:null,&quot;lineWrapping&quot;:false}]\" data-en-clipboard=\"true\"><span><span><a href=\"https:\/\/mississaugagold.com\/\">Home<\/a><\/span><\/span><\/div>\n<p>[\/et_pb_text][\/et_pb_column][\/et_pb_row][\/et_pb_section][et_pb_section fb_built=&#8221;1&#8243; _builder_version=&#8221;4.27.4&#8243; _module_preset=&#8221;default&#8221; custom_padding=&#8221;0px||0px||false|false&#8221; global_colors_info=&#8221;{}&#8221;][et_pb_row _builder_version=&#8221;4.27.4&#8243; _module_preset=&#8221;default&#8221; max_width=&#8221;1280px&#8221; custom_margin=&#8221;||0px||false|false&#8221; custom_padding=&#8221;0px||0px||false|false&#8221; global_colors_info=&#8221;{}&#8221;][et_pb_column type=&#8221;4_4&#8243; _builder_version=&#8221;4.27.4&#8243; _module_preset=&#8221;default&#8221; global_colors_info=&#8221;{}&#8221;][et_pb_text admin_label=&#8221;Buy Gold and Silver with Confidence in Mississauga&#8221; _builder_version=&#8221;4.27.4&#8243; _module_preset=&#8221;default&#8221; text_text_color=&#8221;#000000&#8243; header_2_font=&#8221;|&#8211;et_global_heading_font_weight|||||||&#8221; header_2_font_size=&#8221;36px&#8221; header_3_line_height=&#8221;1.2em&#8221; custom_margin=&#8221;||0px||false|false&#8221; custom_padding=&#8221;||0px||false|false&#8221; custom_css_free_form=&#8221; &#8221; global_colors_info=&#8221;{}&#8221;]<\/p>\n<h3><strong>Buy Gold and Silver with Confidence in Mississauga<\/strong><\/h3>\n<p>[\/et_pb_text][\/et_pb_column][\/et_pb_row][et_pb_row column_structure=&#8221;3_5,2_5&#8243; _builder_version=&#8221;4.27.4&#8243; _module_preset=&#8221;default&#8221; max_width=&#8221;1280px&#8221; custom_padding=&#8221;0px||0px||false|false&#8221; global_colors_info=&#8221;{}&#8221; custom_margin=&#8221;|auto|54px|auto||&#8221;][et_pb_column type=&#8221;3_5&#8243; _builder_version=&#8221;4.27.4&#8243; _module_preset=&#8221;default&#8221; global_colors_info=&#8221;{}&#8221;][et_pb_text admin_label=&#8221;At Canada Gold &#8211; Mississauga, we make it easy to purchase physical gold and silver.&#8221; _builder_version=&#8221;4.27.4&#8243; _module_preset=&#8221;default&#8221; text_text_color=&#8221;#000000&#8243; header_3_line_height=&#8221;1.2em&#8221; global_colors_info=&#8221;{}&#8221;]<\/p>\n<p>At Canada Gold &#8211; Mississauga, we make it easy to purchase physical gold and silver. Whether you are investing for the first time or adding to an existing collection, our team is here to help you make informed choices. <a href=\"https:\/\/mississaugagold.com\/buy-from-us\/bullion\/\"><strong>Find our current sale prices on bullion here<\/strong><\/a>.<\/p>\n<p>We offer a safe and transparent buying experience. As an accredited BBB business and an official Royal Canadian Mint dealer, you can trust that our prices reflect real-time market rates with no hidden fees.<\/p>\n<h3>A Comfortable Buying Experience<\/h3>\n<p>When you visit our store, you will find a private and welcoming space where you can take your time. We encourage you to ask questions and explore your options. There is no pressure to buy. We are here to provide guidance and ensure you feel confident in every decision.<\/p>\n<h3>What We Offer<\/h3>\n<p>Our selection includes:<\/p>\n<ul>\n<li>Gold, silver and platinum coins<\/li>\n<li>Bullion bars and rounds<\/li>\n<li>Specialty releases from the Royal Canadian Mint<\/li>\n<\/ul>\n<p>Some customers are building long-term investments. Others are looking for a specific coin to complete their collection. Whatever brings you in, we will take the time to understand your goals and provide the support you need.<\/p>\n<p>[\/et_pb_text][\/et_pb_column][et_pb_column type=&#8221;2_5&#8243; _builder_version=&#8221;4.27.4&#8243; _module_preset=&#8221;default&#8221; global_colors_info=&#8221;{}&#8221;][et_pb_image src=&#8221;https:\/\/mississaugagold.com\/wp-content\/uploads\/2025\/07\/Temp-455_3000px-scaled.jpg&#8221; alt=&#8221;Canada Gold Ottawa&#8221; title_text=&#8221;Temp-455_3000px&#8221; _builder_version=&#8221;4.27.4&#8243; _module_preset=&#8221;default&#8221; global_colors_info=&#8221;{}&#8221;][\/et_pb_image][\/et_pb_column][\/et_pb_row][\/et_pb_section][et_pb_section fb_built=&#8221;1&#8243; disabled_on=&#8221;on|on|on&#8221; _builder_version=&#8221;4.27.4&#8243; _module_preset=&#8221;default&#8221; background_color=&#8221;rgba(247,247,247,0.9)&#8221; custom_margin=&#8221;30px||||false|false&#8221; custom_padding=&#8221;10px||10px||false|false&#8221; border_width_top=&#8221;1px&#8221; border_color_top=&#8221;#D2AE74&#8243; border_width_bottom=&#8221;2px&#8221; border_color_bottom=&#8221;#D2AE74&#8243; box_shadow_style=&#8221;preset3&#8243; disabled=&#8221;on&#8221; global_colors_info=&#8221;{}&#8221;][et_pb_row _builder_version=&#8221;4.27.4&#8243; _module_preset=&#8221;default&#8221; max_width=&#8221;1280px&#8221; global_colors_info=&#8221;{}&#8221;][et_pb_column type=&#8221;4_4&#8243; _builder_version=&#8221;4.27.4&#8243; _module_preset=&#8221;default&#8221; global_colors_info=&#8221;{}&#8221;][et_pb_text _builder_version=&#8221;4.27.4&#8243; _module_preset=&#8221;default&#8221; header_2_font=&#8221;|600|||||||&#8221; header_2_text_color=&#8221;#0E3E63&#8243; global_colors_info=&#8221;{}&#8221;]<\/p>\n<h2>Locations<\/h2>\n<p>Visit any of our locations across Canada and the Pacific Northwest.<\/p>\n<p>[\/et_pb_text][\/et_pb_column][\/et_pb_row][et_pb_row disabled_on=&#8221;off|off|off&#8221; _builder_version=&#8221;4.27.4&#8243; _module_preset=&#8221;default&#8221; background_color=&#8221;#f7f7f7&#8243; width_tablet=&#8221;&#8221; width_phone=&#8221;100%&#8221; width_last_edited=&#8221;on|phone&#8221; max_width=&#8221;1440px&#8221; custom_padding=&#8221;0px||||false|false&#8221; border_color_all=&#8221;#0B3B62&#8243; global_module=&#8221;74222&#8243; saved_tabs=&#8221;all&#8221; global_colors_info=&#8221;{}&#8221;][et_pb_column type=&#8221;4_4&#8243; _builder_version=&#8221;4.27.4&#8243; _module_preset=&#8221;default&#8221; global_colors_info=&#8221;{}&#8221;][\/et_pb_column][\/et_pb_row][\/et_pb_section]<\/p>\n","protected":false},"excerpt":{"rendered":"<p><span><span><a href=\"https:\/\/mississaugagold.com\/\">Home<\/a><\/span><\/span>Buy Gold and Silver with Confidence in MississaugaAt Canada Gold &#8211; Mississauga, we make it easy to purchase physical gold and silver. Whether you are investing for the first time or adding to an existing collection, our team is here to help you make informed choices. Find our current sale prices on bullion here. We [&hellip;]<\/p>\n","protected":false},"author":1,"featured_media":0,"parent":0,"menu_order":0,"comment_status":"closed","ping_status":"closed","template":"","meta":{"_acf_changed":false,"_et_pb_use_builder":"on","_et_pb_old_content":"","_et_gb_content_width":"","footnotes":""},"class_list":["post-185","page","type-page","status-publish","hentry"],"acf":[],"yoast_head":"<!-- This site is optimized with the Yoast SEO plugin v27.4 - https:\/\/yoast.com\/product\/yoast-seo-wordpress\/ -->\n<title>Purchase Physical Bullion - Mississauga Gold<\/title>\n<meta name=\"description\" content=\"Canada Gold is your local gold &amp; silver bullion dealer, with an ample selection of bars, ingots and coins from the RCM and around the world.\" \/>\n<meta name=\"robots\" content=\"index, follow, max-snippet:-1, max-image-preview:large, max-video-preview:-1\" \/>\n<link rel=\"canonical\" href=\"https:\/\/mississaugagold.com\/fr\/buy-from-us\/\" \/>\n<meta property=\"og:locale\" content=\"fr_CA\" \/>\n<meta property=\"og:type\" content=\"article\" \/>\n<meta property=\"og:title\" content=\"Purchase Physical Bullion - Mississauga Gold\" \/>\n<meta property=\"og:description\" content=\"Canada Gold is your local gold &amp; silver bullion dealer, with an ample selection of bars, ingots and coins from the RCM and around the world.\" \/>\n<meta property=\"og:url\" content=\"https:\/\/mississaugagold.com\/fr\/buy-from-us\/\" \/>\n<meta property=\"og:site_name\" content=\"Mississauga Gold\" \/>\n<meta property=\"article:publisher\" content=\"https:\/\/www.facebook.com\/CanadaGoldBBB\" \/>\n<meta property=\"article:modified_time\" content=\"2026-01-05T16:14:29+00:00\" \/>\n<meta property=\"og:image\" content=\"https:\/\/mississaugagold.com\/wp-content\/uploads\/2025\/08\/Canada-Gold-Regional-Web-Logo-Navy-With-White-Background_Mississauga.png\" \/>\n\t<meta property=\"og:image:width\" content=\"879\" \/>\n\t<meta property=\"og:image:height\" content=\"156\" \/>\n\t<meta property=\"og:image:type\" content=\"image\/png\" \/>\n<meta name=\"twitter:card\" content=\"summary_large_image\" \/>\n<meta name=\"twitter:site\" content=\"@CanadaGoldBBB\" \/>\n<meta name=\"twitter:label1\" content=\"Estimation du temps de lecture\" \/>\n\t<meta name=\"twitter:data1\" content=\"2 minutes\" \/>\n<script type=\"application\/ld+json\" class=\"yoast-schema-graph\">{\"@context\":\"https:\\\/\\\/schema.org\",\"@graph\":[{\"@type\":\"WebPage\",\"@id\":\"https:\\\/\\\/mississaugagold.com\\\/buy-from-us\\\/\",\"url\":\"https:\\\/\\\/mississaugagold.com\\\/buy-from-us\\\/\",\"name\":\"Purchase Physical Bullion - Mississauga Gold\",\"isPartOf\":{\"@id\":\"https:\\\/\\\/mississaugagold.com\\\/#website\"},\"datePublished\":\"2025-01-23T14:33:16+00:00\",\"dateModified\":\"2026-01-05T16:14:29+00:00\",\"description\":\"Canada Gold is your local gold & silver bullion dealer, with an ample selection of bars, ingots and coins from the RCM and around the world.\",\"breadcrumb\":{\"@id\":\"https:\\\/\\\/mississaugagold.com\\\/buy-from-us\\\/#breadcrumb\"},\"inLanguage\":\"fr-CA\",\"potentialAction\":[{\"@type\":\"ReadAction\",\"target\":[\"https:\\\/\\\/mississaugagold.com\\\/buy-from-us\\\/\"]}]},{\"@type\":\"BreadcrumbList\",\"@id\":\"https:\\\/\\\/mississaugagold.com\\\/buy-from-us\\\/#breadcrumb\",\"itemListElement\":[{\"@type\":\"ListItem\",\"position\":1,\"name\":\"Home\",\"item\":\"https:\\\/\\\/mississaugagold.com\\\/\"},{\"@type\":\"ListItem\",\"position\":2,\"name\":\"Buy From Us\"}]},{\"@type\":\"WebSite\",\"@id\":\"https:\\\/\\\/mississaugagold.com\\\/#website\",\"url\":\"https:\\\/\\\/mississaugagold.com\\\/\",\"name\":\"Mississauga Gold\",\"description\":\"A Division of Canada Gold\",\"publisher\":{\"@id\":\"https:\\\/\\\/mississaugagold.com\\\/#organization\"},\"potentialAction\":[{\"@type\":\"SearchAction\",\"target\":{\"@type\":\"EntryPoint\",\"urlTemplate\":\"https:\\\/\\\/mississaugagold.com\\\/?s={search_term_string}\"},\"query-input\":{\"@type\":\"PropertyValueSpecification\",\"valueRequired\":true,\"valueName\":\"search_term_string\"}}],\"inLanguage\":\"fr-CA\"},{\"@type\":\"Organization\",\"@id\":\"https:\\\/\\\/mississaugagold.com\\\/#organization\",\"name\":\"Ottawa Gold\",\"url\":\"https:\\\/\\\/mississaugagold.com\\\/\",\"logo\":{\"@type\":\"ImageObject\",\"inLanguage\":\"fr-CA\",\"@id\":\"https:\\\/\\\/mississaugagold.com\\\/#\\\/schema\\\/logo\\\/image\\\/\",\"url\":\"https:\\\/\\\/mississaugagold.com\\\/wp-content\\\/uploads\\\/2025\\\/01\\\/Canada-Gold-Web-Logo-No-Tagline_Light_Gold_Blue.png\",\"contentUrl\":\"https:\\\/\\\/mississaugagold.com\\\/wp-content\\\/uploads\\\/2025\\\/01\\\/Canada-Gold-Web-Logo-No-Tagline_Light_Gold_Blue.png\",\"width\":450,\"height\":89,\"caption\":\"Ottawa Gold\"},\"image\":{\"@id\":\"https:\\\/\\\/mississaugagold.com\\\/#\\\/schema\\\/logo\\\/image\\\/\"},\"sameAs\":[\"https:\\\/\\\/www.facebook.com\\\/CanadaGoldBBB\",\"https:\\\/\\\/x.com\\\/CanadaGoldBBB\",\"https:\\\/\\\/www.instagram.com\\\/mississaugagold.com\\\/\"]}]}<\/script>\n<!-- \/ Yoast SEO plugin. -->","yoast_head_json":{"title":"Purchase Physical Bullion - Mississauga Gold","description":"Canada Gold est votre n\u00e9gociant local de lingots d'or et d'argent, avec une vaste s\u00e9lection de barres, de lingots et de pi\u00e8ces de monnaie de la MRC et du monde entier.","robots":{"index":"index","follow":"follow","max-snippet":"max-snippet:-1","max-image-preview":"max-image-preview:large","max-video-preview":"max-video-preview:-1"},"canonical":"https:\/\/mississaugagold.com\/fr\/buy-from-us\/","og_locale":"fr_CA","og_type":"article","og_title":"Purchase Physical Bullion - Mississauga Gold","og_description":"Canada Gold is your local gold & silver bullion dealer, with an ample selection of bars, ingots and coins from the RCM and around the world.","og_url":"https:\/\/mississaugagold.com\/fr\/buy-from-us\/","og_site_name":"Mississauga Gold","article_publisher":"https:\/\/www.facebook.com\/CanadaGoldBBB","article_modified_time":"2026-01-05T16:14:29+00:00","og_image":[{"width":879,"height":156,"url":"https:\/\/mississaugagold.com\/wp-content\/uploads\/2025\/08\/Canada-Gold-Regional-Web-Logo-Navy-With-White-Background_Mississauga.png","type":"image\/png"}],"twitter_card":"summary_large_image","twitter_site":"@CanadaGoldBBB","twitter_misc":{"Estimation du temps de lecture":"2 minutes"},"schema":{"@context":"https:\/\/schema.org","@graph":[{"@type":"WebPage","@id":"https:\/\/mississaugagold.com\/buy-from-us\/","url":"https:\/\/mississaugagold.com\/buy-from-us\/","name":"Purchase Physical Bullion - Mississauga Gold","isPartOf":{"@id":"https:\/\/mississaugagold.com\/#website"},"datePublished":"2025-01-23T14:33:16+00:00","dateModified":"2026-01-05T16:14:29+00:00","description":"Canada Gold est votre n\u00e9gociant local de lingots d'or et d'argent, avec une vaste s\u00e9lection de barres, de lingots et de pi\u00e8ces de monnaie de la MRC et du monde entier.","breadcrumb":{"@id":"https:\/\/mississaugagold.com\/buy-from-us\/#breadcrumb"},"inLanguage":"fr-CA","potentialAction":[{"@type":"ReadAction","target":["https:\/\/mississaugagold.com\/buy-from-us\/"]}]},{"@type":"BreadcrumbList","@id":"https:\/\/mississaugagold.com\/buy-from-us\/#breadcrumb","itemListElement":[{"@type":"ListItem","position":1,"name":"Home","item":"https:\/\/mississaugagold.com\/"},{"@type":"ListItem","position":2,"name":"Buy From Us"}]},{"@type":"WebSite","@id":"https:\/\/mississaugagold.com\/#website","url":"https:\/\/mississaugagold.com\/","name":"Mississauga Gold","description":"A Division of Canada Gold","publisher":{"@id":"https:\/\/mississaugagold.com\/#organization"},"potentialAction":[{"@type":"SearchAction","target":{"@type":"EntryPoint","urlTemplate":"https:\/\/mississaugagold.com\/?s={search_term_string}"},"query-input":{"@type":"PropertyValueSpecification","valueRequired":true,"valueName":"search_term_string"}}],"inLanguage":"fr-CA"},{"@type":"Organization","@id":"https:\/\/mississaugagold.com\/#organization","name":"Ottawa Gold","url":"https:\/\/mississaugagold.com\/","logo":{"@type":"ImageObject","inLanguage":"fr-CA","@id":"https:\/\/mississaugagold.com\/#\/schema\/logo\/image\/","url":"https:\/\/mississaugagold.com\/wp-content\/uploads\/2025\/01\/Canada-Gold-Web-Logo-No-Tagline_Light_Gold_Blue.png","contentUrl":"https:\/\/mississaugagold.com\/wp-content\/uploads\/2025\/01\/Canada-Gold-Web-Logo-No-Tagline_Light_Gold_Blue.png","width":450,"height":89,"caption":"Ottawa Gold"},"image":{"@id":"https:\/\/mississaugagold.com\/#\/schema\/logo\/image\/"},"sameAs":["https:\/\/www.facebook.com\/CanadaGoldBBB","https:\/\/x.com\/CanadaGoldBBB","https:\/\/www.instagram.com\/mississaugagold.com\/"]}]}},"_links":{"self":[{"href":"https:\/\/mississaugagold.com\/fr\/wp-json\/wp\/v2\/pages\/185","targetHints":{"allow":["GET"]}}],"collection":[{"href":"https:\/\/mississaugagold.com\/fr\/wp-json\/wp\/v2\/pages"}],"about":[{"href":"https:\/\/mississaugagold.com\/fr\/wp-json\/wp\/v2\/types\/page"}],"author":[{"embeddable":true,"href":"https:\/\/mississaugagold.com\/fr\/wp-json\/wp\/v2\/users\/1"}],"replies":[{"embeddable":true,"href":"https:\/\/mississaugagold.com\/fr\/wp-json\/wp\/v2\/comments?post=185"}],"version-history":[{"count":0,"href":"https:\/\/mississaugagold.com\/fr\/wp-json\/wp\/v2\/pages\/185\/revisions"}],"wp:attachment":[{"href":"https:\/\/mississaugagold.com\/fr\/wp-json\/wp\/v2\/media?parent=185"}],"curies":[{"name":"wp","href":"https:\/\/api.w.org\/{rel}","templated":true}]}}